{"id":2548,"date":"2022-12-12T12:44:36","date_gmt":"2022-12-12T11:44:36","guid":{"rendered":"http:\/\/oscarpascasio.com\/oscar\/?page_id=2548"},"modified":"2023-03-08T20:10:17","modified_gmt":"2023-03-08T19:10:17","slug":"halloween","status":"publish","type":"page","link":"https:\/\/oscarpascasio.com\/oscar\/halloween\/","title":{"rendered":"Partituras Halloween"},"content":{"rendered":"<p>[et_pb_section fb_built=\u00bb1&#8243; disabled_on=\u00bbon|off|off\u00bb _builder_version=\u00bb4.2.2&#8243; background_image=\u00bbhttp:\/\/oscarpascasio.com\/oscar\/wp-content\/uploads\/2020\/07\/ENotZ-oscuro.jpeg\u00bb background_position=\u00bbtop_left\u00bb min_height=\u00bb404px\u00bb][et_pb_row _builder_version=\u00bb4.2.2&#8243;][et_pb_column type=\u00bb4_4&#8243; _builder_version=\u00bb4.2.2&#8243;][et_pb_text _builder_version=\u00bb4.2.2&#8243; text_font=\u00bb||||||||\u00bb text_text_color=\u00bb#ffffff\u00bb text_font_size=\u00bb43px\u00bb transform_translate=\u00bb304px|124px\u00bb animation_style=\u00bbzoom\u00bb]<\/p>\n<p>Partituras\u00a0 \u00abHALLOWEEN\u00bb<\/p>\n<p>[\/et_pb_text][\/et_pb_column][\/et_pb_row][\/et_pb_section][et_pb_section fb_built=\u00bb1&#8243; prev_background_color=\u00bb#000000&#8243; next_background_color=\u00bb#000000&#8243; _builder_version=\u00bb4.2.2&#8243; custom_margin=\u00bb||-13px|||\u00bb custom_padding=\u00bb97px|||||\u00bb top_divider_style=\u00bbslant\u00bb top_divider_height=\u00bb67px\u00bb bottom_divider_style=\u00bbslant\u00bb bottom_divider_height=\u00bb59px\u00bb][et_pb_row column_structure=\u00bb1_3,2_3&#8243; _builder_version=\u00bb4.2.2&#8243;][et_pb_column type=\u00bb1_3&#8243; _builder_version=\u00bb4.2.2&#8243;][et_pb_image src=\u00bbhttp:\/\/oscarpascasio.com\/oscar\/wp-content\/uploads\/2022\/12\/THE-SKELETON-DANCE-portada.png\u00bb _builder_version=\u00bb4.2.2&#8243;][\/et_pb_image][\/et_pb_column][et_pb_column type=\u00bb2_3&#8243; _builder_version=\u00bb4.2.2&#8243;][et_pb_text _builder_version=\u00bb4.2.2&#8243;]<\/p>\n<h2 style=\"text-align: center;\"><strong>Al finalizar el pedido recibir\u00e1s autom\u00e1ticamente un e-mail con un enlace o enlaces, a la descarga de las partituras o canciones que hayas adquirido.<\/strong><\/h2>\n<p><strong><\/strong><\/p>\n<p><strong><\/strong><\/p>\n<h5><strong>* Para pago por transferencia u otro no admitido en el carro de compra, escr\u00edbeme a trav\u00e9s del <span style=\"color: #3366ff;\"><a href=\"http:\/\/oscarpascasio.com\/oscar\/contacto\/\" style=\"color: #3366ff;\">formulario de contacto<\/a><\/span>, indic\u00e1ndome la forma de pago que prefieres y los art\u00edculos que deseas comprar. Te responder\u00e9 a tu email con los datos de pago y el importe total. \u00a1Gracias!<\/strong><\/h5>\n<p>[\/et_pb_text][\/et_pb_column][\/et_pb_row][et_pb_row column_structure=\u00bb3_4,1_4&#8243; _builder_version=\u00bb4.2.2&#8243; min_height=\u00bb733px\u00bb custom_padding=\u00bb68px|||||\u00bb][et_pb_column type=\u00bb3_4&#8243; _builder_version=\u00bb4.2.2&#8243;][et_pb_gallery gallery_ids=\u00bb2750,2751&#8243; posts_number=\u00bb20&#8243; orientation=\u00bbportrait\u00bb show_pagination=\u00bboff\u00bb _builder_version=\u00bb4.2.2&#8243; custom_margin=\u00bb||-3px|||\u00bb custom_padding=\u00bb||7px|||\u00bb hover_enabled=\u00bb0&#8243;][\/et_pb_gallery][\/et_pb_column][et_pb_column type=\u00bb1_4&#8243; _builder_version=\u00bb4.2.2&#8243;][et_pb_code _builder_version=\u00bb4.2.2&#8243;]\t<form id=\"edd_purchase_2544\" class=\"edd_download_purchase_form edd_purchase_2544\" method=\"post\">\n\n\t\t\t<div class=\"edd_price_options edd_multi_mode\">\n\t\t<ul>\n\t\t\t<li id=\"edd_price_option_2544_happyhalloween\"><label for=\"edd_price_option_2544_1\"><input type=\"checkbox\"  checked='checked' name=\"edd_options[price_id][]\" id=\"edd_price_option_2544_1\" class=\"edd_price_option_2544\" value=\"1\" data-price=\"4.00\"\/>&nbsp;<span class=\"edd_price_option_name\">HAPPY HALLOWEEN<\/span><span class=\"edd_price_option_sep\">&nbsp;&ndash;&nbsp;<\/span><span class=\"edd_price_option_price\">4.00&euro;<\/span><\/label><\/li><li id=\"edd_price_option_2544_theskeletondance\"><label for=\"edd_price_option_2544_2\"><input type=\"checkbox\"  name=\"edd_options[price_id][]\" id=\"edd_price_option_2544_2\" class=\"edd_price_option_2544\" value=\"2\" data-price=\"4.00\"\/>&nbsp;<span class=\"edd_price_option_name\">THE SKELETON DANCE<\/span><span class=\"edd_price_option_sep\">&nbsp;&ndash;&nbsp;<\/span><span class=\"edd_price_option_price\">4.00&euro;<\/span><\/label><\/li>\t\t<\/ul>\n\t<\/div><!--end .edd_price_options-->\n\n\t\t<div class=\"edd_purchase_submit_wrapper\">\n\t\t\t<button class=\"edd-add-to-cart button orange edd-submit et_pb_button\" data-nonce=\"90ddc73de7\" data-timestamp=\"1776606891\" data-token=\"1fe5f349c98992a1460c8126fbfe79cc611b97c2e75479fd33648122c6c585e2\" data-action=\"edd_add_to_cart\" data-download-id=\"2544\"  data-variable-price=\"yes\" data-price-mode=multi data-price=\"0.00\" ><span class=\"edd-add-to-cart-label\">Comprar<\/span> <span class=\"edd-loading\" aria-label=\"Cargando\"><\/span><\/button><input type=\"submit\" class=\"edd-add-to-cart edd-no-js button orange edd-submit et_pb_button\" name=\"edd_purchase_download\" value=\"Comprar\" data-action=\"edd_add_to_cart\" data-download-id=\"2544\"  data-variable-price=\"yes\" data-price-mode=multi \/><a href=\"https:\/\/oscarpascasio.com\/oscar\/digital\/\" class=\"edd_go_to_checkout button orange edd-submit et_pb_button\" style=\"display:none;\">Finalizar compra<\/a>\n\t\t\t\t\t\t\t<span class=\"edd-cart-ajax-alert\" aria-live=\"assertive\">\n\t\t\t\t\t<span class=\"edd-cart-added-alert\" style=\"display: none;\">\n\t\t\t\t\t\t<svg class=\"edd-icon edd-icon-check\" xmlns=\"http:\/\/www.w3.org\/2000\/svg\" width=\"28\" height=\"28\" viewBox=\"0 0 28 28\" aria-hidden=\"true\">\n\t\t\t\t\t\t\t<path d=\"M26.11 8.844c0 .39-.157.78-.44 1.062L12.234 23.344c-.28.28-.672.438-1.062.438s-.78-.156-1.06-.438l-7.782-7.78c-.28-.282-.438-.673-.438-1.063s.156-.78.438-1.06l2.125-2.126c.28-.28.672-.438 1.062-.438s.78.156 1.062.438l4.594 4.61L21.42 5.656c.282-.28.673-.438 1.063-.438s.78.155 1.062.437l2.125 2.125c.28.28.438.672.438 1.062z\"\/>\n\t\t\t\t\t\t<\/svg>\n\t\t\t\t\t\tA\u00f1adido al carrito\t\t\t\t\t<\/span>\n\t\t\t\t<\/span>\n\t\t\t\t\t\t\t\t\t\t\t\t\t\t\t<\/div><!--end .edd_purchase_submit_wrapper-->\n\n\t\t<input type=\"hidden\" name=\"download_id\" value=\"2544\">\n\t\t\t\t\t\t\t<input type=\"hidden\" name=\"edd_action\" class=\"edd_action_input\" value=\"add_to_cart\">\n\t\t\n\t\t\t\t\t<input type=\"hidden\" name=\"edd_redirect_to_checkout\" value=\"1\">\n\t\t\n\t\t\n\t<\/form><!--end #edd_purchase_2544-->\n[\/et_pb_code][\/et_pb_column][\/et_pb_row][\/et_pb_section]<\/p>\n","protected":false},"excerpt":{"rendered":"<p>[et_pb_section fb_built=\u00bb1&#8243; disabled_on=\u00bbon|off|off\u00bb _builder_version=\u00bb4.2.2&#8243; background_image=\u00bbhttp:\/\/oscarpascasio.com\/oscar\/wp-content\/uploads\/2020\/07\/ENotZ-oscuro.jpeg\u00bb background_position=\u00bbtop_left\u00bb min_height=\u00bb404px\u00bb][et_pb_row _builder_version=\u00bb4.2.2&#8243;][et_pb_column type=\u00bb4_4&#8243; _builder_version=\u00bb4.2.2&#8243;][et_pb_text _builder_version=\u00bb4.2.2&#8243; text_font=\u00bb||||||||\u00bb text_text_color=\u00bb#ffffff\u00bb text_font_size=\u00bb43px\u00bb transform_translate=\u00bb304px|124px\u00bb animation_style=\u00bbzoom\u00bb] Partituras\u00a0 \u00abHALLOWEEN\u00bb [\/et_pb_text][\/et_pb_column][\/et_pb_row][\/et_pb_section][et_pb_section fb_built=\u00bb1&#8243; prev_background_color=\u00bb#000000&#8243; next_background_color=\u00bb#000000&#8243; _builder_version=\u00bb4.2.2&#8243; custom_margin=\u00bb||-13px|||\u00bb custom_padding=\u00bb97px|||||\u00bb top_divider_style=\u00bbslant\u00bb top_divider_height=\u00bb67px\u00bb bottom_divider_style=\u00bbslant\u00bb bottom_divider_height=\u00bb59px\u00bb][et_pb_row column_structure=\u00bb1_3,2_3&#8243; _builder_version=\u00bb4.2.2&#8243;][et_pb_column type=\u00bb1_3&#8243; _builder_version=\u00bb4.2.2&#8243;][et_pb_image src=\u00bbhttp:\/\/oscarpascasio.com\/oscar\/wp-content\/uploads\/2022\/12\/THE-SKELETON-DANCE-portada.png\u00bb _builder_version=\u00bb4.2.2&#8243;][\/et_pb_image][\/et_pb_column][et_pb_column type=\u00bb2_3&#8243; _builder_version=\u00bb4.2.2&#8243;][et_pb_text _builder_version=\u00bb4.2.2&#8243;] Al finalizar el pedido recibir\u00e1s autom\u00e1ticamente un e-mail con un enlace o enlaces, a la descarga de [&hellip;]<\/p>\n","protected":false},"author":1,"featured_media":0,"parent":0,"menu_order":0,"comment_status":"closed","ping_status":"closed","template":"","meta":{"_et_pb_use_builder":"on","_et_pb_old_content":"<img class=\"alignnone wp-image-894\" src=\"http:\/\/oscarpascasio.com\/oscar\/wp-content\/uploads\/2020\/05\/Partiturasb-300x151.jpg\" alt=\"Partiturasb\" width=\"580\" height=\"292\" \/>\r\n<table style=\"height: 526px;\" width=\"627\">\r\n<tbody>\r\n<tr>\r\n<td style=\"text-align: center;\">\r\n<h3 style=\"text-align: center;\"><strong>Titulo<\/strong><\/h3>\r\n<\/td>\r\n<td style=\"text-align: center;\">\r\n<h3>\u00a0<strong>\u00c1lbum<\/strong><\/h3>\r\n<\/td>\r\n<td style=\"text-align: center;\">\r\n<h3>\u00a0<strong>Instrumento<\/strong><\/h3>\r\n<\/td>\r\n<td style=\"text-align: center;\">\r\n<h3><strong>PDF<\/strong><\/h3>\r\n<\/td>\r\n<td style=\"text-align: center;\">\r\n<h3><strong>Preview<\/strong><\/h3>\r\n<\/td>\r\n<\/tr>\r\n<tr>\r\n<td style=\"text-align: center; vertical-align: top;\">\r\n<h6><strong>1.\u00a0Sensaciones<\/strong><\/h6>\r\n<\/td>\r\n<td style=\"text-align: center; vertical-align: top;\">\r\n<h6><a href=\"http:\/\/oscarpascasio.com\/oscar\/tienda\/\"><strong>Sensaciones<\/strong><\/a><\/h6>\r\n<\/td>\r\n<td style=\"text-align: center; vertical-align: top;\">\r\n<h6>Piano<\/h6>\r\n<\/td>\r\n<td style=\"text-align: center; vertical-align: top;\">\r\n<h6><a href=\"http:\/\/oscarpascasio.com\/oscar\/downloads\/tus-partituras-favoritas-del-disco-sensaciones\/\">3.00 \u20ac\u00a0<img class=\"alignnone wp-image-904\" src=\"http:\/\/oscarpascasio.com\/oscar\/wp-content\/uploads\/2020\/05\/pdf.jpg\" alt=\"pdf\" width=\"18\" height=\"24\" \/><\/a><\/h6>\r\n<\/td>\r\n<td rowspan=\"10\">[supsystic-gallery id=8 position=center]<\/td>\r\n<\/tr>\r\n<tr>\r\n<td style=\"text-align: center; vertical-align: top;\">\r\n<h6><strong>2. Magia<\/strong><\/h6>\r\n<\/td>\r\n<td style=\"text-align: center; vertical-align: top;\">\r\n<h6><a href=\"http:\/\/oscarpascasio.com\/oscar\/tienda\/\"><strong>Sensaciones<\/strong><\/a><\/h6>\r\n<\/td>\r\n<td style=\"text-align: center; vertical-align: top;\">\r\n<h6>Piano<\/h6>\r\n<\/td>\r\n<td style=\"text-align: center; vertical-align: top;\">\r\n<h6><a href=\"http:\/\/oscarpascasio.com\/oscar\/downloads\/tus-partituras-favoritas-del-disco-sensaciones\/\">3.00 \u20ac\u00a0<img class=\"alignnone wp-image-904\" src=\"http:\/\/oscarpascasio.com\/oscar\/wp-content\/uploads\/2020\/05\/pdf.jpg\" alt=\"pdf\" width=\"18\" height=\"24\" \/><\/a><\/h6>\r\n<\/td>\r\n<\/tr>\r\n<tr>\r\n<td style=\"text-align: center; vertical-align: top;\">\r\n<h6><strong>3. Estoy aqu\u00ed<\/strong><\/h6>\r\n<\/td>\r\n<td style=\"text-align: center; vertical-align: top;\">\r\n<h6><a href=\"http:\/\/oscarpascasio.com\/oscar\/tienda\/\"><strong>Sensaciones<\/strong><\/a><\/h6>\r\n<\/td>\r\n<td style=\"text-align: center; vertical-align: top;\">\r\n<h6>Piano<\/h6>\r\n<\/td>\r\n<td style=\"text-align: center; vertical-align: top;\">\r\n<h6><a href=\"http:\/\/oscarpascasio.com\/oscar\/downloads\/tus-partituras-favoritas-del-disco-sensaciones\/\">3.00 \u20ac\u00a0<img class=\"alignnone wp-image-904\" src=\"http:\/\/oscarpascasio.com\/oscar\/wp-content\/uploads\/2020\/05\/pdf.jpg\" alt=\"pdf\" width=\"18\" height=\"24\" \/><\/a><\/h6>\r\n<\/td>\r\n<\/tr>\r\n<tr>\r\n<td style=\"text-align: center; vertical-align: top;\">\r\n<h6><strong>4. Sinti\u00e9ndote parte de t\u00ed<\/strong><\/h6>\r\n<\/td>\r\n<td style=\"text-align: center; vertical-align: top;\">\r\n<h6><a href=\"http:\/\/oscarpascasio.com\/oscar\/tienda\/\"><strong>Sensaciones<\/strong><\/a><\/h6>\r\n<\/td>\r\n<td style=\"text-align: center; vertical-align: top;\">\r\n<h6>Piano<\/h6>\r\n<\/td>\r\n<td style=\"text-align: center; vertical-align: top;\">\r\n<h6><a href=\"http:\/\/oscarpascasio.com\/oscar\/downloads\/tus-partituras-favoritas-del-disco-sensaciones\/\">3.00 \u20ac\u00a0<img class=\"alignnone wp-image-904\" src=\"http:\/\/oscarpascasio.com\/oscar\/wp-content\/uploads\/2020\/05\/pdf.jpg\" alt=\"pdf\" width=\"18\" height=\"24\" \/><\/a><\/h6>\r\n<\/td>\r\n<\/tr>\r\n<tr>\r\n<td style=\"text-align: center; vertical-align: top;\">\r\n<h6><strong>5. Te echo de menos<\/strong><\/h6>\r\n<\/td>\r\n<td style=\"text-align: center; vertical-align: top;\">\r\n<h6><a href=\"http:\/\/oscarpascasio.com\/oscar\/tienda\/\"><strong>Sensaciones<\/strong><\/a><\/h6>\r\n<\/td>\r\n<td style=\"text-align: center; vertical-align: top;\">\r\n<h6>Piano<\/h6>\r\n<\/td>\r\n<td style=\"text-align: center; vertical-align: top;\">\r\n<h6><a href=\"http:\/\/oscarpascasio.com\/oscar\/downloads\/tus-partituras-favoritas-del-disco-sensaciones\/\">3.00 \u20ac\u00a0<img class=\"alignnone wp-image-904\" src=\"http:\/\/oscarpascasio.com\/oscar\/wp-content\/uploads\/2020\/05\/pdf.jpg\" alt=\"pdf\" width=\"18\" height=\"24\" \/><\/a><\/h6>\r\n<\/td>\r\n<\/tr>\r\n<tr>\r\n<td style=\"text-align: center; vertical-align: top;\">\r\n<h6><strong>6. Jugando<\/strong><\/h6>\r\n<\/td>\r\n<td style=\"text-align: center; vertical-align: top;\">\r\n<h6><a href=\"http:\/\/oscarpascasio.com\/oscar\/tienda\/\"><strong>Sensaciones<\/strong><\/a><\/h6>\r\n<\/td>\r\n<td style=\"text-align: center; vertical-align: top;\">\r\n<h6>Piano<\/h6>\r\n<\/td>\r\n<td style=\"text-align: center; vertical-align: top;\">\r\n<h6><a href=\"http:\/\/oscarpascasio.com\/oscar\/downloads\/tus-partituras-favoritas-del-disco-sensaciones\/\">3.00 \u20ac\u00a0<img class=\"alignnone wp-image-904\" src=\"http:\/\/oscarpascasio.com\/oscar\/wp-content\/uploads\/2020\/05\/pdf.jpg\" alt=\"pdf\" width=\"18\" height=\"24\" \/><\/a><\/h6>\r\n<\/td>\r\n<\/tr>\r\n<tr>\r\n<td style=\"text-align: center; vertical-align: top;\">\r\n<h6><strong>7. Gotas de lluvia<\/strong><\/h6>\r\n<\/td>\r\n<td style=\"text-align: center; vertical-align: top;\">\r\n<h6><a href=\"http:\/\/oscarpascasio.com\/oscar\/tienda\/\"><strong>Sensaciones<\/strong><\/a><\/h6>\r\n<\/td>\r\n<td style=\"text-align: center; vertical-align: top;\">\r\n<h6>Piano<\/h6>\r\n<\/td>\r\n<td style=\"text-align: center; vertical-align: top;\">\r\n<h6><a href=\"http:\/\/oscarpascasio.com\/oscar\/downloads\/tus-partituras-favoritas-del-disco-sensaciones\/\">3.00 \u20ac\u00a0<img class=\"alignnone wp-image-904\" src=\"http:\/\/oscarpascasio.com\/oscar\/wp-content\/uploads\/2020\/05\/pdf.jpg\" alt=\"pdf\" width=\"18\" height=\"24\" \/><\/a><\/h6>\r\n<\/td>\r\n<\/tr>\r\n<tr>\r\n<td style=\"text-align: center; vertical-align: top;\">\r\n<h6><strong>8. Juntos de nuevo<\/strong><\/h6>\r\n<\/td>\r\n<td style=\"text-align: center; vertical-align: top;\">\r\n<h6><a href=\"http:\/\/oscarpascasio.com\/oscar\/tienda\/\"><strong>Sensaciones<\/strong><\/a><\/h6>\r\n<\/td>\r\n<td style=\"text-align: center; vertical-align: top;\">\r\n<h6>Piano<\/h6>\r\n<\/td>\r\n<td style=\"text-align: center; vertical-align: top;\">\r\n<h6><a href=\"http:\/\/oscarpascasio.com\/oscar\/downloads\/tus-partituras-favoritas-del-disco-sensaciones\/\">3.00 \u20ac\u00a0<img class=\"alignnone wp-image-904\" src=\"http:\/\/oscarpascasio.com\/oscar\/wp-content\/uploads\/2020\/05\/pdf.jpg\" alt=\"pdf\" width=\"18\" height=\"24\" \/><\/a><\/h6>\r\n<\/td>\r\n<\/tr>\r\n<tr>\r\n<td style=\"text-align: center; vertical-align: top;\">\r\n<h6><strong>9. On board<\/strong><\/h6>\r\n<\/td>\r\n<td style=\"text-align: center; vertical-align: top;\">\r\n<h6><a href=\"http:\/\/oscarpascasio.com\/oscar\/tienda\/\"><strong>Sensaciones<\/strong><\/a><\/h6>\r\n<\/td>\r\n<td style=\"text-align: center; vertical-align: top;\">\r\n<h6>Piano<\/h6>\r\n<\/td>\r\n<td style=\"text-align: center; vertical-align: top;\">\r\n<h6><a href=\"http:\/\/oscarpascasio.com\/oscar\/downloads\/tus-partituras-favoritas-del-disco-sensaciones\/\">3.00 \u20ac\u00a0<img class=\"alignnone wp-image-904\" src=\"http:\/\/oscarpascasio.com\/oscar\/wp-content\/uploads\/2020\/05\/pdf.jpg\" alt=\"pdf\" width=\"18\" height=\"24\" \/><\/a><\/h6>\r\n<\/td>\r\n<\/tr>\r\n<tr>\r\n<td style=\"text-align: center; vertical-align: top;\">\r\n<h6><strong>10. Momentos de una vida<\/strong><\/h6>\r\n<\/td>\r\n<td style=\"text-align: center; vertical-align: top;\">\r\n<h6><a href=\"http:\/\/oscarpascasio.com\/oscar\/tienda\/\"><strong>Sensaciones<\/strong><\/a><\/h6>\r\n<\/td>\r\n<td style=\"text-align: center; vertical-align: top;\">\r\n<h6>Piano<\/h6>\r\n<\/td>\r\n<td style=\"text-align: center; vertical-align: top;\">\r\n<h6><a href=\"http:\/\/oscarpascasio.com\/oscar\/downloads\/tus-partituras-favoritas-del-disco-sensaciones\/\">3.00 \u20ac\u00a0<img class=\"alignnone wp-image-904\" src=\"http:\/\/oscarpascasio.com\/oscar\/wp-content\/uploads\/2020\/05\/pdf.jpg\" alt=\"pdf\" width=\"18\" height=\"24\" \/><\/a><\/h6>\r\n<\/td>\r\n<\/tr>\r\n<\/tbody>\r\n<\/table>\r\n<h1><strong><a href=\"http:\/\/oscarpascasio.com\/oscar\/downloads\/tus-partituras-favoritas-del-disco-sensaciones\/\">Disco completo 10 partituras solo 20,00 \u20ac<\/a>\u00a0<\/strong><\/h1>","_et_gb_content_width":"","footnotes":""},"class_list":["post-2548","page","type-page","status-publish","hentry"],"yoast_head":"<!-- This site is optimized with the Yoast SEO plugin v25.1 - https:\/\/yoast.com\/wordpress\/plugins\/seo\/ -->\n<title>Partituras Halloween - Oscar Pascasio<\/title>\n<meta name=\"robots\" content=\"index, follow, max-snippet:-1, max-image-preview:large, max-video-preview:-1\" \/>\n<link rel=\"canonical\" href=\"https:\/\/oscarpascasio.com\/oscar\/halloween\/\" \/>\n<meta property=\"og:locale\" content=\"es_ES\" \/>\n<meta property=\"og:type\" content=\"article\" \/>\n<meta property=\"og:title\" content=\"Partituras Halloween - Oscar Pascasio\" \/>\n<meta property=\"og:description\" content=\"[et_pb_section fb_built=\u00bb1&#8243; disabled_on=\u00bbon|off|off\u00bb _builder_version=\u00bb4.2.2&#8243; background_image=\u00bbhttp:\/\/oscarpascasio.com\/oscar\/wp-content\/uploads\/2020\/07\/ENotZ-oscuro.jpeg\u00bb background_position=\u00bbtop_left\u00bb min_height=\u00bb404px\u00bb][et_pb_row _builder_version=\u00bb4.2.2&#8243;][et_pb_column type=\u00bb4_4&#8243; _builder_version=\u00bb4.2.2&#8243;][et_pb_text _builder_version=\u00bb4.2.2&#8243; text_font=\u00bb||||||||\u00bb text_text_color=\u00bb#ffffff\u00bb text_font_size=\u00bb43px\u00bb transform_translate=\u00bb304px|124px\u00bb animation_style=\u00bbzoom\u00bb] Partituras\u00a0 \u00abHALLOWEEN\u00bb [\/et_pb_text][\/et_pb_column][\/et_pb_row][\/et_pb_section][et_pb_section fb_built=\u00bb1&#8243; prev_background_color=\u00bb#000000&#8243; next_background_color=\u00bb#000000&#8243; _builder_version=\u00bb4.2.2&#8243; custom_margin=\u00bb||-13px|||\u00bb custom_padding=\u00bb97px|||||\u00bb top_divider_style=\u00bbslant\u00bb top_divider_height=\u00bb67px\u00bb bottom_divider_style=\u00bbslant\u00bb bottom_divider_height=\u00bb59px\u00bb][et_pb_row column_structure=\u00bb1_3,2_3&#8243; _builder_version=\u00bb4.2.2&#8243;][et_pb_column type=\u00bb1_3&#8243; _builder_version=\u00bb4.2.2&#8243;][et_pb_image src=\u00bbhttp:\/\/oscarpascasio.com\/oscar\/wp-content\/uploads\/2022\/12\/THE-SKELETON-DANCE-portada.png\u00bb _builder_version=\u00bb4.2.2&#8243;][\/et_pb_image][\/et_pb_column][et_pb_column type=\u00bb2_3&#8243; _builder_version=\u00bb4.2.2&#8243;][et_pb_text _builder_version=\u00bb4.2.2&#8243;] Al finalizar el pedido recibir\u00e1s autom\u00e1ticamente un e-mail con un enlace o enlaces, a la descarga de [&hellip;]\" \/>\n<meta property=\"og:url\" content=\"https:\/\/oscarpascasio.com\/oscar\/halloween\/\" \/>\n<meta property=\"og:site_name\" content=\"Oscar Pascasio\" \/>\n<meta property=\"article:modified_time\" content=\"2023-03-08T19:10:17+00:00\" \/>\n<meta name=\"twitter:card\" content=\"summary_large_image\" \/>\n<meta name=\"twitter:label1\" content=\"Tiempo de lectura\" \/>\n\t<meta name=\"twitter:data1\" content=\"2 minutos\" \/>\n<script type=\"application\/ld+json\" class=\"yoast-schema-graph\">{\"@context\":\"https:\/\/schema.org\",\"@graph\":[{\"@type\":\"WebPage\",\"@id\":\"https:\/\/oscarpascasio.com\/oscar\/halloween\/\",\"url\":\"https:\/\/oscarpascasio.com\/oscar\/halloween\/\",\"name\":\"Partituras Halloween - Oscar Pascasio\",\"isPartOf\":{\"@id\":\"https:\/\/oscarpascasio.com\/oscar\/#website\"},\"datePublished\":\"2022-12-12T11:44:36+00:00\",\"dateModified\":\"2023-03-08T19:10:17+00:00\",\"breadcrumb\":{\"@id\":\"https:\/\/oscarpascasio.com\/oscar\/halloween\/#breadcrumb\"},\"inLanguage\":\"es\",\"potentialAction\":[{\"@type\":\"ReadAction\",\"target\":[\"https:\/\/oscarpascasio.com\/oscar\/halloween\/\"]}]},{\"@type\":\"BreadcrumbList\",\"@id\":\"https:\/\/oscarpascasio.com\/oscar\/halloween\/#breadcrumb\",\"itemListElement\":[{\"@type\":\"ListItem\",\"position\":1,\"name\":\"Portada\",\"item\":\"https:\/\/oscarpascasio.com\/oscar\/\"},{\"@type\":\"ListItem\",\"position\":2,\"name\":\"Partituras Halloween\"}]},{\"@type\":\"WebSite\",\"@id\":\"https:\/\/oscarpascasio.com\/oscar\/#website\",\"url\":\"https:\/\/oscarpascasio.com\/oscar\/\",\"name\":\"Oscar Pascasio\",\"description\":\"\",\"potentialAction\":[{\"@type\":\"SearchAction\",\"target\":{\"@type\":\"EntryPoint\",\"urlTemplate\":\"https:\/\/oscarpascasio.com\/oscar\/?s={search_term_string}\"},\"query-input\":{\"@type\":\"PropertyValueSpecification\",\"valueRequired\":true,\"valueName\":\"search_term_string\"}}],\"inLanguage\":\"es\"}]}<\/script>\n<!-- \/ Yoast SEO plugin. -->","yoast_head_json":{"title":"Partituras Halloween - Oscar Pascasio","robots":{"index":"index","follow":"follow","max-snippet":"max-snippet:-1","max-image-preview":"max-image-preview:large","max-video-preview":"max-video-preview:-1"},"canonical":"https:\/\/oscarpascasio.com\/oscar\/halloween\/","og_locale":"es_ES","og_type":"article","og_title":"Partituras Halloween - Oscar Pascasio","og_description":"[et_pb_section fb_built=\u00bb1&#8243; disabled_on=\u00bbon|off|off\u00bb _builder_version=\u00bb4.2.2&#8243; background_image=\u00bbhttp:\/\/oscarpascasio.com\/oscar\/wp-content\/uploads\/2020\/07\/ENotZ-oscuro.jpeg\u00bb background_position=\u00bbtop_left\u00bb min_height=\u00bb404px\u00bb][et_pb_row _builder_version=\u00bb4.2.2&#8243;][et_pb_column type=\u00bb4_4&#8243; _builder_version=\u00bb4.2.2&#8243;][et_pb_text _builder_version=\u00bb4.2.2&#8243; text_font=\u00bb||||||||\u00bb text_text_color=\u00bb#ffffff\u00bb text_font_size=\u00bb43px\u00bb transform_translate=\u00bb304px|124px\u00bb animation_style=\u00bbzoom\u00bb] Partituras\u00a0 \u00abHALLOWEEN\u00bb [\/et_pb_text][\/et_pb_column][\/et_pb_row][\/et_pb_section][et_pb_section fb_built=\u00bb1&#8243; prev_background_color=\u00bb#000000&#8243; next_background_color=\u00bb#000000&#8243; _builder_version=\u00bb4.2.2&#8243; custom_margin=\u00bb||-13px|||\u00bb custom_padding=\u00bb97px|||||\u00bb top_divider_style=\u00bbslant\u00bb top_divider_height=\u00bb67px\u00bb bottom_divider_style=\u00bbslant\u00bb bottom_divider_height=\u00bb59px\u00bb][et_pb_row column_structure=\u00bb1_3,2_3&#8243; _builder_version=\u00bb4.2.2&#8243;][et_pb_column type=\u00bb1_3&#8243; _builder_version=\u00bb4.2.2&#8243;][et_pb_image src=\u00bbhttp:\/\/oscarpascasio.com\/oscar\/wp-content\/uploads\/2022\/12\/THE-SKELETON-DANCE-portada.png\u00bb _builder_version=\u00bb4.2.2&#8243;][\/et_pb_image][\/et_pb_column][et_pb_column type=\u00bb2_3&#8243; _builder_version=\u00bb4.2.2&#8243;][et_pb_text _builder_version=\u00bb4.2.2&#8243;] Al finalizar el pedido recibir\u00e1s autom\u00e1ticamente un e-mail con un enlace o enlaces, a la descarga de [&hellip;]","og_url":"https:\/\/oscarpascasio.com\/oscar\/halloween\/","og_site_name":"Oscar Pascasio","article_modified_time":"2023-03-08T19:10:17+00:00","twitter_card":"summary_large_image","twitter_misc":{"Tiempo de lectura":"2 minutos"},"schema":{"@context":"https:\/\/schema.org","@graph":[{"@type":"WebPage","@id":"https:\/\/oscarpascasio.com\/oscar\/halloween\/","url":"https:\/\/oscarpascasio.com\/oscar\/halloween\/","name":"Partituras Halloween - Oscar Pascasio","isPartOf":{"@id":"https:\/\/oscarpascasio.com\/oscar\/#website"},"datePublished":"2022-12-12T11:44:36+00:00","dateModified":"2023-03-08T19:10:17+00:00","breadcrumb":{"@id":"https:\/\/oscarpascasio.com\/oscar\/halloween\/#breadcrumb"},"inLanguage":"es","potentialAction":[{"@type":"ReadAction","target":["https:\/\/oscarpascasio.com\/oscar\/halloween\/"]}]},{"@type":"BreadcrumbList","@id":"https:\/\/oscarpascasio.com\/oscar\/halloween\/#breadcrumb","itemListElement":[{"@type":"ListItem","position":1,"name":"Portada","item":"https:\/\/oscarpascasio.com\/oscar\/"},{"@type":"ListItem","position":2,"name":"Partituras Halloween"}]},{"@type":"WebSite","@id":"https:\/\/oscarpascasio.com\/oscar\/#website","url":"https:\/\/oscarpascasio.com\/oscar\/","name":"Oscar Pascasio","description":"","potentialAction":[{"@type":"SearchAction","target":{"@type":"EntryPoint","urlTemplate":"https:\/\/oscarpascasio.com\/oscar\/?s={search_term_string}"},"query-input":{"@type":"PropertyValueSpecification","valueRequired":true,"valueName":"search_term_string"}}],"inLanguage":"es"}]}},"_links":{"self":[{"href":"https:\/\/oscarpascasio.com\/oscar\/wp-json\/wp\/v2\/pages\/2548","targetHints":{"allow":["GET"]}}],"collection":[{"href":"https:\/\/oscarpascasio.com\/oscar\/wp-json\/wp\/v2\/pages"}],"about":[{"href":"https:\/\/oscarpascasio.com\/oscar\/wp-json\/wp\/v2\/types\/page"}],"author":[{"embeddable":true,"href":"https:\/\/oscarpascasio.com\/oscar\/wp-json\/wp\/v2\/users\/1"}],"replies":[{"embeddable":true,"href":"https:\/\/oscarpascasio.com\/oscar\/wp-json\/wp\/v2\/comments?post=2548"}],"version-history":[{"count":4,"href":"https:\/\/oscarpascasio.com\/oscar\/wp-json\/wp\/v2\/pages\/2548\/revisions"}],"predecessor-version":[{"id":2752,"href":"https:\/\/oscarpascasio.com\/oscar\/wp-json\/wp\/v2\/pages\/2548\/revisions\/2752"}],"wp:attachment":[{"href":"https:\/\/oscarpascasio.com\/oscar\/wp-json\/wp\/v2\/media?parent=2548"}],"curies":[{"name":"wp","href":"https:\/\/api.w.org\/{rel}","templated":true}]}}